{"id":406,"date":"2020-04-09T11:58:44","date_gmt":"2020-04-09T09:58:44","guid":{"rendered":"https:\/\/100kom.com\/shop\/100km\/"},"modified":"2025-12-23T15:05:05","modified_gmt":"2025-12-23T14:05:05","slug":"100km","status":"publish","type":"product","link":"https:\/\/100kom.com\/hu\/shop\/100km\/","title":{"rendered":"100km"},"content":{"rendered":"<p>A kih\u00edv\u00e1 \u00c9szak-Kom\u00e1romban (Kom\u00e1rno) &#8211; PIKO-BIKE kezd\u0151dik a START felirat\u00fa QR-k\u00f3d beolvas\u00e1s\u00e1val. A sikeres aktiv\u00e1l\u00e1sr\u00f3l e-mailban \u00e9rtes\u00edt\u00fcnk. Ezzel elrajtoltad magad \u00e9s nekiv\u00e1ghatsz a t\u00far\u00e1nak.<\/p>\n<p>\u00datk\u00f6zben 4 ellen\u0151rz\u0151pont v\u00e1r r\u00e1d:<\/p>\n<p>\u2022 Dunakarva (Kravany nad Dunajom ) &#8211; k\u00f6zs\u00e9gh\u00e1za \u00e9p\u00fclete<br \/>\n\u2022 B\u00e1torkeszi (B\u00e1torove Kosihy) &#8211; Coffee &amp; Cooks cukr\u00e1szda<br \/>\n\u2022 \u00cdmely (Ime\u013e ) &#8211; Fresh \u00e9lelmiszer\u00fczlet<br \/>\n\u2022 Sz\u0151l\u0151s (Vinohrady) \u2013 villanykar\u00f3 a ker\u00e9kp\u00e1r\u00faton<\/p>\n<p>Mindegyik ellen\u0151rz\u0151ponton QR-k\u00f3d van elhelyezve, melyeket helyes sorrendben be kell olvasnod. B\u00e1rmely ellen\u0151rz\u0151pont kihagy\u00e1s\u00e1val a rendszer ki fog t\u00e9ged z\u00e1rni.<\/p>\n<p>A kih\u00edv\u00e1s \u00c9szak-Kom\u00e1romban (Kom\u00e1rno) &#8211; PIKO-BIKE v\u00e9gz\u0151dik a FINISH felirat\u00fa QR-k\u00f3d beolvas\u00e1s\u00e1val. A futanid\u0151d automatikusan beker\u00fcl a \u201e H\u00edress\u00e9gek csarnok\u00e1ba\u201d &#8211; \u00e1lland\u00f3 eledm\u00e9nylist\u00e1ra. Err\u0151l e-mailban is \u00e9rtes\u00edt\u00fcnk.<\/p>\n<p>Ne v\u00e1rj tov\u00e1bb, v\u00e1s\u00e1rold meg a kih\u00edv\u00e1st \u00e9s v\u00e1gj neki!<\/p>\n<p>A kih\u00edv\u00e1s teljes\u00edt\u00e9s\u00e9re <strong>8 \u00f3r\u00e1s id\u0151korl\u00e1t<\/strong> \u00e1ll rendelkez\u00e9sre.<\/p>\n<p>Hol tal\u00e1lhatod az egyedi ellen\u0151rz\u0151pontokat? N\u00e9zd \u00e1t az <a href=\"https:\/\/100kom.com\/hu\/checkpoints\/\">ellen\u0151rz\u0151pontok list\u00e1j\u00e1t!<\/a><\/p>\n<p><a href=\"https:\/\/100kom.com\/wp-content\/uploads\/2020\/07\/Kom100.kml\">GPS adatok let\u00f6lt\u00e9se (.kml)<\/a>\u00a0 \/\u00a0\u00a0<a href=\"https:\/\/100kom.com\/wp-content\/uploads\/2020\/07\/Kom100.gpx.gpx\">GPS adatok let\u00f6lt\u00e9se (.gpx)<\/a><\/p>\n","protected":false},"excerpt":{"rendered":"<p>K\u00fczdj meg az id\u0151vel \u00e9s j\u00e1rd be k\u00e9t ker\u00e9ken Kom\u00e1rom t\u00e1gabb k\u00f6rny\u00e9k\u00e9t ! A 100 km-es kih\u00edv\u00e1s v\u00e9gigvezet Szlov\u00e1kia legnagyobb foly\u00f3inak partjain, \u00e1tvisz a k\u00f6rny\u00e9k legmagasabban fekv\u0151 pontj\u00e1n \u00e9s a Csall\u00f3k\u00f6z v\u00e9gtelennek t\u0171n\u0151 s\u00edks\u00e1gain. Ak\u00e1r verseny\u0151r\u00fclt vagy, ak\u00e1r csak a kikapcsol\u00f3d\u00e1st keresed, ez a t\u00fara garant\u00e1ltan k\u00fcl\u00f6nleges \u00e9lm\u00e9nyeket tartogat sz\u00e1modra!<\/p>\n","protected":false},"featured_media":4946,"template":"","meta":[],"product_brand":[],"product_cat":[38],"product_tag":[],"class_list":{"0":"post-406","1":"product","2":"type-product","3":"status-publish","4":"has-post-thumbnail","6":"product_cat-mountains-hu","8":"first","9":"instock","10":"sold-individually","11":"shipping-taxable","12":"purchasable","13":"product-type-variable","14":"has-default-attributes"},"acf":[],"yoast_head":"<!-- This site is optimized with the Yoast SEO plugin v27.5 - https:\/\/yoast.com\/product\/yoast-seo-wordpress\/ -->\n<title>100km - 100KOM.com<\/title>\n<meta name=\"robots\" content=\"index, follow, max-snippet:-1, max-image-preview:large, max-video-preview:-1\" \/>\n<link rel=\"canonical\" href=\"https:\/\/100kom.com\/hu\/shop\/100km\/\" \/>\n<meta property=\"og:locale\" content=\"hu_HU\" \/>\n<meta property=\"og:type\" content=\"article\" \/>\n<meta property=\"og:title\" content=\"100km - 100KOM.com\" \/>\n<meta property=\"og:description\" content=\"K\u00fczdj meg az id\u0151vel \u00e9s j\u00e1rd be k\u00e9t ker\u00e9ken Kom\u00e1rom t\u00e1gabb k\u00f6rny\u00e9k\u00e9t ! A 100 km-es kih\u00edv\u00e1s v\u00e9gigvezet Szlov\u00e1kia legnagyobb foly\u00f3inak partjain, \u00e1tvisz a k\u00f6rny\u00e9k legmagasabban fekv\u0151 pontj\u00e1n \u00e9s a Csall\u00f3k\u00f6z v\u00e9gtelennek t\u0171n\u0151 s\u00edks\u00e1gain. Ak\u00e1r verseny\u0151r\u00fclt vagy, ak\u00e1r csak a kikapcsol\u00f3d\u00e1st keresed, ez a t\u00fara garant\u00e1ltan k\u00fcl\u00f6nleges \u00e9lm\u00e9nyeket tartogat sz\u00e1modra!\" \/>\n<meta property=\"og:url\" content=\"https:\/\/100kom.com\/hu\/shop\/100km\/\" \/>\n<meta property=\"og:site_name\" content=\"100KOM.com\" \/>\n<meta property=\"article:publisher\" content=\"https:\/\/www.facebook.com\/100KOMcom\" \/>\n<meta property=\"article:modified_time\" content=\"2025-12-23T14:05:05+00:00\" \/>\n<meta property=\"og:image\" content=\"https:\/\/100kom.com\/wp-content\/uploads\/2025\/06\/100-vyzva.jpg\" \/>\n\t<meta property=\"og:image:width\" content=\"690\" \/>\n\t<meta property=\"og:image:height\" content=\"362\" \/>\n\t<meta property=\"og:image:type\" content=\"image\/jpeg\" \/>\n<meta name=\"twitter:card\" content=\"summary_large_image\" \/>\n<meta name=\"twitter:label1\" content=\"Becs\u00fclt olvas\u00e1si id\u0151\" \/>\n\t<meta name=\"twitter:data1\" content=\"1 perc\" \/>\n<script type=\"application\/ld+json\" class=\"yoast-schema-graph\">{\"@context\":\"https:\\\/\\\/schema.org\",\"@graph\":[{\"@type\":\"WebPage\",\"@id\":\"https:\\\/\\\/100kom.com\\\/hu\\\/shop\\\/100km\\\/\",\"url\":\"https:\\\/\\\/100kom.com\\\/hu\\\/shop\\\/100km\\\/\",\"name\":\"100km - 100KOM.com\",\"isPartOf\":{\"@id\":\"https:\\\/\\\/100kom.com\\\/#website\"},\"primaryImageOfPage\":{\"@id\":\"https:\\\/\\\/100kom.com\\\/hu\\\/shop\\\/100km\\\/#primaryimage\"},\"image\":{\"@id\":\"https:\\\/\\\/100kom.com\\\/hu\\\/shop\\\/100km\\\/#primaryimage\"},\"thumbnailUrl\":\"https:\\\/\\\/100kom.com\\\/wp-content\\\/uploads\\\/2025\\\/06\\\/100-vyzva.jpg\",\"datePublished\":\"2020-04-09T09:58:44+00:00\",\"dateModified\":\"2025-12-23T14:05:05+00:00\",\"breadcrumb\":{\"@id\":\"https:\\\/\\\/100kom.com\\\/hu\\\/shop\\\/100km\\\/#breadcrumb\"},\"inLanguage\":\"hu\",\"potentialAction\":[{\"@type\":\"ReadAction\",\"target\":[\"https:\\\/\\\/100kom.com\\\/hu\\\/shop\\\/100km\\\/\"]}]},{\"@type\":\"ImageObject\",\"inLanguage\":\"hu\",\"@id\":\"https:\\\/\\\/100kom.com\\\/hu\\\/shop\\\/100km\\\/#primaryimage\",\"url\":\"https:\\\/\\\/100kom.com\\\/wp-content\\\/uploads\\\/2025\\\/06\\\/100-vyzva.jpg\",\"contentUrl\":\"https:\\\/\\\/100kom.com\\\/wp-content\\\/uploads\\\/2025\\\/06\\\/100-vyzva.jpg\",\"width\":690,\"height\":362},{\"@type\":\"BreadcrumbList\",\"@id\":\"https:\\\/\\\/100kom.com\\\/hu\\\/shop\\\/100km\\\/#breadcrumb\",\"itemListElement\":[{\"@type\":\"ListItem\",\"position\":1,\"name\":\"Home\",\"item\":\"https:\\\/\\\/100kom.com\\\/hu\\\/home-hu\\\/\"},{\"@type\":\"ListItem\",\"position\":2,\"name\":\"Kih\u00edv\u00e1sok\",\"item\":\"https:\\\/\\\/100kom.com\\\/hu\\\/uzlet\\\/\"},{\"@type\":\"ListItem\",\"position\":3,\"name\":\"100km\"}]},{\"@type\":\"WebSite\",\"@id\":\"https:\\\/\\\/100kom.com\\\/#website\",\"url\":\"https:\\\/\\\/100kom.com\\\/\",\"name\":\"100KOM.com\",\"description\":\"Instant cycling challenges\",\"publisher\":{\"@id\":\"https:\\\/\\\/100kom.com\\\/#organization\"},\"potentialAction\":[{\"@type\":\"SearchAction\",\"target\":{\"@type\":\"EntryPoint\",\"urlTemplate\":\"https:\\\/\\\/100kom.com\\\/?s={search_term_string}\"},\"query-input\":{\"@type\":\"PropertyValueSpecification\",\"valueRequired\":true,\"valueName\":\"search_term_string\"}}],\"inLanguage\":\"hu\"},{\"@type\":\"Organization\",\"@id\":\"https:\\\/\\\/100kom.com\\\/#organization\",\"name\":\"100KOM.com\",\"url\":\"https:\\\/\\\/100kom.com\\\/\",\"logo\":{\"@type\":\"ImageObject\",\"inLanguage\":\"hu\",\"@id\":\"https:\\\/\\\/100kom.com\\\/#\\\/schema\\\/logo\\\/image\\\/\",\"url\":\"https:\\\/\\\/100kom.com\\\/wp-content\\\/uploads\\\/2020\\\/04\\\/logo.png\",\"contentUrl\":\"https:\\\/\\\/100kom.com\\\/wp-content\\\/uploads\\\/2020\\\/04\\\/logo.png\",\"width\":147,\"height\":16,\"caption\":\"100KOM.com\"},\"image\":{\"@id\":\"https:\\\/\\\/100kom.com\\\/#\\\/schema\\\/logo\\\/image\\\/\"},\"sameAs\":[\"https:\\\/\\\/www.facebook.com\\\/100KOMcom\"]}]}<\/script>\n<!-- \/ Yoast SEO plugin. -->","yoast_head_json":{"title":"100km - 100KOM.com","robots":{"index":"index","follow":"follow","max-snippet":"max-snippet:-1","max-image-preview":"max-image-preview:large","max-video-preview":"max-video-preview:-1"},"canonical":"https:\/\/100kom.com\/hu\/shop\/100km\/","og_locale":"hu_HU","og_type":"article","og_title":"100km - 100KOM.com","og_description":"K\u00fczdj meg az id\u0151vel \u00e9s j\u00e1rd be k\u00e9t ker\u00e9ken Kom\u00e1rom t\u00e1gabb k\u00f6rny\u00e9k\u00e9t ! A 100 km-es kih\u00edv\u00e1s v\u00e9gigvezet Szlov\u00e1kia legnagyobb foly\u00f3inak partjain, \u00e1tvisz a k\u00f6rny\u00e9k legmagasabban fekv\u0151 pontj\u00e1n \u00e9s a Csall\u00f3k\u00f6z v\u00e9gtelennek t\u0171n\u0151 s\u00edks\u00e1gain. Ak\u00e1r verseny\u0151r\u00fclt vagy, ak\u00e1r csak a kikapcsol\u00f3d\u00e1st keresed, ez a t\u00fara garant\u00e1ltan k\u00fcl\u00f6nleges \u00e9lm\u00e9nyeket tartogat sz\u00e1modra!","og_url":"https:\/\/100kom.com\/hu\/shop\/100km\/","og_site_name":"100KOM.com","article_publisher":"https:\/\/www.facebook.com\/100KOMcom","article_modified_time":"2025-12-23T14:05:05+00:00","og_image":[{"width":690,"height":362,"url":"https:\/\/100kom.com\/wp-content\/uploads\/2025\/06\/100-vyzva.jpg","type":"image\/jpeg"}],"twitter_card":"summary_large_image","twitter_misc":{"Becs\u00fclt olvas\u00e1si id\u0151":"1 perc"},"schema":{"@context":"https:\/\/schema.org","@graph":[{"@type":"WebPage","@id":"https:\/\/100kom.com\/hu\/shop\/100km\/","url":"https:\/\/100kom.com\/hu\/shop\/100km\/","name":"100km - 100KOM.com","isPartOf":{"@id":"https:\/\/100kom.com\/#website"},"primaryImageOfPage":{"@id":"https:\/\/100kom.com\/hu\/shop\/100km\/#primaryimage"},"image":{"@id":"https:\/\/100kom.com\/hu\/shop\/100km\/#primaryimage"},"thumbnailUrl":"https:\/\/100kom.com\/wp-content\/uploads\/2025\/06\/100-vyzva.jpg","datePublished":"2020-04-09T09:58:44+00:00","dateModified":"2025-12-23T14:05:05+00:00","breadcrumb":{"@id":"https:\/\/100kom.com\/hu\/shop\/100km\/#breadcrumb"},"inLanguage":"hu","potentialAction":[{"@type":"ReadAction","target":["https:\/\/100kom.com\/hu\/shop\/100km\/"]}]},{"@type":"ImageObject","inLanguage":"hu","@id":"https:\/\/100kom.com\/hu\/shop\/100km\/#primaryimage","url":"https:\/\/100kom.com\/wp-content\/uploads\/2025\/06\/100-vyzva.jpg","contentUrl":"https:\/\/100kom.com\/wp-content\/uploads\/2025\/06\/100-vyzva.jpg","width":690,"height":362},{"@type":"BreadcrumbList","@id":"https:\/\/100kom.com\/hu\/shop\/100km\/#breadcrumb","itemListElement":[{"@type":"ListItem","position":1,"name":"Home","item":"https:\/\/100kom.com\/hu\/home-hu\/"},{"@type":"ListItem","position":2,"name":"Kih\u00edv\u00e1sok","item":"https:\/\/100kom.com\/hu\/uzlet\/"},{"@type":"ListItem","position":3,"name":"100km"}]},{"@type":"WebSite","@id":"https:\/\/100kom.com\/#website","url":"https:\/\/100kom.com\/","name":"100KOM.com","description":"Instant cycling challenges","publisher":{"@id":"https:\/\/100kom.com\/#organization"},"potentialAction":[{"@type":"SearchAction","target":{"@type":"EntryPoint","urlTemplate":"https:\/\/100kom.com\/?s={search_term_string}"},"query-input":{"@type":"PropertyValueSpecification","valueRequired":true,"valueName":"search_term_string"}}],"inLanguage":"hu"},{"@type":"Organization","@id":"https:\/\/100kom.com\/#organization","name":"100KOM.com","url":"https:\/\/100kom.com\/","logo":{"@type":"ImageObject","inLanguage":"hu","@id":"https:\/\/100kom.com\/#\/schema\/logo\/image\/","url":"https:\/\/100kom.com\/wp-content\/uploads\/2020\/04\/logo.png","contentUrl":"https:\/\/100kom.com\/wp-content\/uploads\/2020\/04\/logo.png","width":147,"height":16,"caption":"100KOM.com"},"image":{"@id":"https:\/\/100kom.com\/#\/schema\/logo\/image\/"},"sameAs":["https:\/\/www.facebook.com\/100KOMcom"]}]}},"_links":{"self":[{"href":"https:\/\/100kom.com\/hu\/wp-json\/wp\/v2\/product\/406","targetHints":{"allow":["GET"]}}],"collection":[{"href":"https:\/\/100kom.com\/hu\/wp-json\/wp\/v2\/product"}],"about":[{"href":"https:\/\/100kom.com\/hu\/wp-json\/wp\/v2\/types\/product"}],"wp:featuredmedia":[{"embeddable":true,"href":"https:\/\/100kom.com\/hu\/wp-json\/wp\/v2\/media\/4946"}],"wp:attachment":[{"href":"https:\/\/100kom.com\/hu\/wp-json\/wp\/v2\/media?parent=406"}],"wp:term":[{"taxonomy":"product_brand","embeddable":true,"href":"https:\/\/100kom.com\/hu\/wp-json\/wp\/v2\/product_brand?post=406"},{"taxonomy":"product_cat","embeddable":true,"href":"https:\/\/100kom.com\/hu\/wp-json\/wp\/v2\/product_cat?post=406"},{"taxonomy":"product_tag","embeddable":true,"href":"https:\/\/100kom.com\/hu\/wp-json\/wp\/v2\/product_tag?post=406"}],"curies":[{"name":"wp","href":"https:\/\/api.w.org\/{rel}","templated":true}]}}