{"id":462,"date":"2020-04-17T12:49:55","date_gmt":"2020-04-17T10:49:55","guid":{"rendered":"https:\/\/100kom.com\/home-hu\/"},"modified":"2025-01-27T13:44:03","modified_gmt":"2025-01-27T12:44:03","slug":"home-hu","status":"publish","type":"page","link":"https:\/\/100kom.com\/hu\/","title":{"rendered":"INSTANT KER\u00c9KP\u00c1RT\u00daRA"},"content":{"rendered":"<p>Lorem ipsum dolor sit amet, consectetur adipiscing elit. Ut elit tellus, luctus nec ullamcorper mattis, pulvinar dapibus leo.<\/p>\n","protected":false},"excerpt":{"rendered":"<p>Lorem ipsum dolor sit amet, consectetur adipiscing elit. Ut elit tellus, luctus nec ullamcorper mattis, pulvinar dapibus leo.<\/p>\n","protected":false},"author":1,"featured_media":1179,"parent":0,"menu_order":0,"comment_status":"closed","ping_status":"closed","template":"template-pages\/front.php","meta":{"footnotes":""},"class_list":["post-462","page","type-page","status-publish","has-post-thumbnail","hentry"],"acf":[],"yoast_head":"<!-- This site is optimized with the Yoast SEO plugin v27.5 - https:\/\/yoast.com\/product\/yoast-seo-wordpress\/ -->\n<title>INSTANT KER\u00c9KP\u00c1RT\u00daRA | 100KOM.com<\/title>\n<meta name=\"description\" content=\"Versenyezz B\u00c1RMIKOR, teljes\u00edtsd a t\u00far\u00e1t, ker\u00fclj be a h\u00edress\u00e9gek csarnok\u00e1ba \u00e9s nyerj egy egyedi \u00e9rmet! T\u00e9ged is v\u00e1r a 100kom.com instant ker\u00e9p\u00e1rt\u00fara\" \/>\n<meta name=\"robots\" content=\"index, follow, max-snippet:-1, max-image-preview:large, max-video-preview:-1\" \/>\n<link rel=\"canonical\" href=\"https:\/\/100kom.com\/hu\/home-hu\/\" \/>\n<meta property=\"og:locale\" content=\"hu_HU\" \/>\n<meta property=\"og:type\" content=\"article\" \/>\n<meta property=\"og:title\" content=\"INSTANT KER\u00c9KP\u00c1RT\u00daRA | 100KOM.com\" \/>\n<meta property=\"og:description\" content=\"Versenyezz B\u00c1RMIKOR, teljes\u00edtsd a t\u00far\u00e1t, ker\u00fclj be a h\u00edress\u00e9gek csarnok\u00e1ba \u00e9s nyerj egy egyedi \u00e9rmet! T\u00e9ged is v\u00e1r a 100kom.com instant ker\u00e9p\u00e1rt\u00fara\" \/>\n<meta property=\"og:url\" content=\"https:\/\/100kom.com\/hu\/home-hu\/\" \/>\n<meta property=\"og:site_name\" content=\"100KOM.com\" \/>\n<meta property=\"article:publisher\" content=\"https:\/\/www.facebook.com\/100KOMcom\" \/>\n<meta property=\"article:modified_time\" content=\"2025-01-27T12:44:03+00:00\" \/>\n<meta property=\"og:image\" content=\"https:\/\/100kom.com\/wp-content\/uploads\/2020\/04\/100km_pic.jpg\" \/>\n\t<meta property=\"og:image:width\" content=\"1200\" \/>\n\t<meta property=\"og:image:height\" content=\"630\" \/>\n\t<meta property=\"og:image:type\" content=\"image\/jpeg\" \/>\n<meta name=\"twitter:card\" content=\"summary_large_image\" \/>\n<meta name=\"twitter:label1\" content=\"Becs\u00fclt olvas\u00e1si id\u0151\" \/>\n\t<meta name=\"twitter:data1\" content=\"1 perc\" \/>\n<script type=\"application\/ld+json\" class=\"yoast-schema-graph\">{\"@context\":\"https:\\\/\\\/schema.org\",\"@graph\":[{\"@type\":\"WebPage\",\"@id\":\"https:\\\/\\\/100kom.com\\\/hu\\\/home-hu\\\/\",\"url\":\"https:\\\/\\\/100kom.com\\\/hu\\\/home-hu\\\/\",\"name\":\"INSTANT KER\u00c9KP\u00c1RT\u00daRA | 100KOM.com\",\"isPartOf\":{\"@id\":\"https:\\\/\\\/100kom.com\\\/#website\"},\"primaryImageOfPage\":{\"@id\":\"https:\\\/\\\/100kom.com\\\/hu\\\/home-hu\\\/#primaryimage\"},\"image\":{\"@id\":\"https:\\\/\\\/100kom.com\\\/hu\\\/home-hu\\\/#primaryimage\"},\"thumbnailUrl\":\"https:\\\/\\\/100kom.com\\\/wp-content\\\/uploads\\\/2020\\\/04\\\/100km_pic.jpg\",\"datePublished\":\"2020-04-17T10:49:55+00:00\",\"dateModified\":\"2025-01-27T12:44:03+00:00\",\"description\":\"Versenyezz B\u00c1RMIKOR, teljes\u00edtsd a t\u00far\u00e1t, ker\u00fclj be a h\u00edress\u00e9gek csarnok\u00e1ba \u00e9s nyerj egy egyedi \u00e9rmet! T\u00e9ged is v\u00e1r a 100kom.com instant ker\u00e9p\u00e1rt\u00fara\",\"breadcrumb\":{\"@id\":\"https:\\\/\\\/100kom.com\\\/hu\\\/home-hu\\\/#breadcrumb\"},\"inLanguage\":\"hu\",\"potentialAction\":[{\"@type\":\"ReadAction\",\"target\":[\"https:\\\/\\\/100kom.com\\\/hu\\\/home-hu\\\/\"]}]},{\"@type\":\"ImageObject\",\"inLanguage\":\"hu\",\"@id\":\"https:\\\/\\\/100kom.com\\\/hu\\\/home-hu\\\/#primaryimage\",\"url\":\"https:\\\/\\\/100kom.com\\\/wp-content\\\/uploads\\\/2020\\\/04\\\/100km_pic.jpg\",\"contentUrl\":\"https:\\\/\\\/100kom.com\\\/wp-content\\\/uploads\\\/2020\\\/04\\\/100km_pic.jpg\",\"width\":1200,\"height\":630},{\"@type\":\"BreadcrumbList\",\"@id\":\"https:\\\/\\\/100kom.com\\\/hu\\\/home-hu\\\/#breadcrumb\",\"itemListElement\":[{\"@type\":\"ListItem\",\"position\":1,\"name\":\"Home\",\"item\":\"https:\\\/\\\/100kom.com\\\/hu\\\/home-hu\\\/\"},{\"@type\":\"ListItem\",\"position\":2,\"name\":\"INSTANT KER\u00c9KP\u00c1RT\u00daRA\"}]},{\"@type\":\"WebSite\",\"@id\":\"https:\\\/\\\/100kom.com\\\/#website\",\"url\":\"https:\\\/\\\/100kom.com\\\/\",\"name\":\"100KOM.com\",\"description\":\"Instant cycling challenges\",\"publisher\":{\"@id\":\"https:\\\/\\\/100kom.com\\\/#organization\"},\"potentialAction\":[{\"@type\":\"SearchAction\",\"target\":{\"@type\":\"EntryPoint\",\"urlTemplate\":\"https:\\\/\\\/100kom.com\\\/?s={search_term_string}\"},\"query-input\":{\"@type\":\"PropertyValueSpecification\",\"valueRequired\":true,\"valueName\":\"search_term_string\"}}],\"inLanguage\":\"hu\"},{\"@type\":\"Organization\",\"@id\":\"https:\\\/\\\/100kom.com\\\/#organization\",\"name\":\"100KOM.com\",\"url\":\"https:\\\/\\\/100kom.com\\\/\",\"logo\":{\"@type\":\"ImageObject\",\"inLanguage\":\"hu\",\"@id\":\"https:\\\/\\\/100kom.com\\\/#\\\/schema\\\/logo\\\/image\\\/\",\"url\":\"https:\\\/\\\/100kom.com\\\/wp-content\\\/uploads\\\/2020\\\/04\\\/logo.png\",\"contentUrl\":\"https:\\\/\\\/100kom.com\\\/wp-content\\\/uploads\\\/2020\\\/04\\\/logo.png\",\"width\":147,\"height\":16,\"caption\":\"100KOM.com\"},\"image\":{\"@id\":\"https:\\\/\\\/100kom.com\\\/#\\\/schema\\\/logo\\\/image\\\/\"},\"sameAs\":[\"https:\\\/\\\/www.facebook.com\\\/100KOMcom\"]}]}<\/script>\n<!-- \/ Yoast SEO plugin. -->","yoast_head_json":{"title":"INSTANT KER\u00c9KP\u00c1RT\u00daRA | 100KOM.com","description":"Versenyezz B\u00c1RMIKOR, teljes\u00edtsd a t\u00far\u00e1t, ker\u00fclj be a h\u00edress\u00e9gek csarnok\u00e1ba \u00e9s nyerj egy egyedi \u00e9rmet! T\u00e9ged is v\u00e1r a 100kom.com instant ker\u00e9p\u00e1rt\u00fara","robots":{"index":"index","follow":"follow","max-snippet":"max-snippet:-1","max-image-preview":"max-image-preview:large","max-video-preview":"max-video-preview:-1"},"canonical":"https:\/\/100kom.com\/hu\/home-hu\/","og_locale":"hu_HU","og_type":"article","og_title":"INSTANT KER\u00c9KP\u00c1RT\u00daRA | 100KOM.com","og_description":"Versenyezz B\u00c1RMIKOR, teljes\u00edtsd a t\u00far\u00e1t, ker\u00fclj be a h\u00edress\u00e9gek csarnok\u00e1ba \u00e9s nyerj egy egyedi \u00e9rmet! T\u00e9ged is v\u00e1r a 100kom.com instant ker\u00e9p\u00e1rt\u00fara","og_url":"https:\/\/100kom.com\/hu\/home-hu\/","og_site_name":"100KOM.com","article_publisher":"https:\/\/www.facebook.com\/100KOMcom","article_modified_time":"2025-01-27T12:44:03+00:00","og_image":[{"width":1200,"height":630,"url":"https:\/\/100kom.com\/wp-content\/uploads\/2020\/04\/100km_pic.jpg","type":"image\/jpeg"}],"twitter_card":"summary_large_image","twitter_misc":{"Becs\u00fclt olvas\u00e1si id\u0151":"1 perc"},"schema":{"@context":"https:\/\/schema.org","@graph":[{"@type":"WebPage","@id":"https:\/\/100kom.com\/hu\/home-hu\/","url":"https:\/\/100kom.com\/hu\/home-hu\/","name":"INSTANT KER\u00c9KP\u00c1RT\u00daRA | 100KOM.com","isPartOf":{"@id":"https:\/\/100kom.com\/#website"},"primaryImageOfPage":{"@id":"https:\/\/100kom.com\/hu\/home-hu\/#primaryimage"},"image":{"@id":"https:\/\/100kom.com\/hu\/home-hu\/#primaryimage"},"thumbnailUrl":"https:\/\/100kom.com\/wp-content\/uploads\/2020\/04\/100km_pic.jpg","datePublished":"2020-04-17T10:49:55+00:00","dateModified":"2025-01-27T12:44:03+00:00","description":"Versenyezz B\u00c1RMIKOR, teljes\u00edtsd a t\u00far\u00e1t, ker\u00fclj be a h\u00edress\u00e9gek csarnok\u00e1ba \u00e9s nyerj egy egyedi \u00e9rmet! T\u00e9ged is v\u00e1r a 100kom.com instant ker\u00e9p\u00e1rt\u00fara","breadcrumb":{"@id":"https:\/\/100kom.com\/hu\/home-hu\/#breadcrumb"},"inLanguage":"hu","potentialAction":[{"@type":"ReadAction","target":["https:\/\/100kom.com\/hu\/home-hu\/"]}]},{"@type":"ImageObject","inLanguage":"hu","@id":"https:\/\/100kom.com\/hu\/home-hu\/#primaryimage","url":"https:\/\/100kom.com\/wp-content\/uploads\/2020\/04\/100km_pic.jpg","contentUrl":"https:\/\/100kom.com\/wp-content\/uploads\/2020\/04\/100km_pic.jpg","width":1200,"height":630},{"@type":"BreadcrumbList","@id":"https:\/\/100kom.com\/hu\/home-hu\/#breadcrumb","itemListElement":[{"@type":"ListItem","position":1,"name":"Home","item":"https:\/\/100kom.com\/hu\/home-hu\/"},{"@type":"ListItem","position":2,"name":"INSTANT KER\u00c9KP\u00c1RT\u00daRA"}]},{"@type":"WebSite","@id":"https:\/\/100kom.com\/#website","url":"https:\/\/100kom.com\/","name":"100KOM.com","description":"Instant cycling challenges","publisher":{"@id":"https:\/\/100kom.com\/#organization"},"potentialAction":[{"@type":"SearchAction","target":{"@type":"EntryPoint","urlTemplate":"https:\/\/100kom.com\/?s={search_term_string}"},"query-input":{"@type":"PropertyValueSpecification","valueRequired":true,"valueName":"search_term_string"}}],"inLanguage":"hu"},{"@type":"Organization","@id":"https:\/\/100kom.com\/#organization","name":"100KOM.com","url":"https:\/\/100kom.com\/","logo":{"@type":"ImageObject","inLanguage":"hu","@id":"https:\/\/100kom.com\/#\/schema\/logo\/image\/","url":"https:\/\/100kom.com\/wp-content\/uploads\/2020\/04\/logo.png","contentUrl":"https:\/\/100kom.com\/wp-content\/uploads\/2020\/04\/logo.png","width":147,"height":16,"caption":"100KOM.com"},"image":{"@id":"https:\/\/100kom.com\/#\/schema\/logo\/image\/"},"sameAs":["https:\/\/www.facebook.com\/100KOMcom"]}]}},"_links":{"self":[{"href":"https:\/\/100kom.com\/hu\/wp-json\/wp\/v2\/pages\/462","targetHints":{"allow":["GET"]}}],"collection":[{"href":"https:\/\/100kom.com\/hu\/wp-json\/wp\/v2\/pages"}],"about":[{"href":"https:\/\/100kom.com\/hu\/wp-json\/wp\/v2\/types\/page"}],"author":[{"embeddable":true,"href":"https:\/\/100kom.com\/hu\/wp-json\/wp\/v2\/users\/1"}],"replies":[{"embeddable":true,"href":"https:\/\/100kom.com\/hu\/wp-json\/wp\/v2\/comments?post=462"}],"version-history":[{"count":0,"href":"https:\/\/100kom.com\/hu\/wp-json\/wp\/v2\/pages\/462\/revisions"}],"wp:featuredmedia":[{"embeddable":true,"href":"https:\/\/100kom.com\/hu\/wp-json\/wp\/v2\/media\/1179"}],"wp:attachment":[{"href":"https:\/\/100kom.com\/hu\/wp-json\/wp\/v2\/media?parent=462"}],"curies":[{"name":"wp","href":"https:\/\/api.w.org\/{rel}","templated":true}]}}