{"id":4222,"date":"2024-05-01T07:45:51","date_gmt":"2024-05-01T05:45:51","guid":{"rendered":"https:\/\/100kom.com\/?page_id=4222"},"modified":"2025-04-24T19:49:11","modified_gmt":"2025-04-24T17:49:11","slug":"majusban-parban-felaron","status":"publish","type":"page","link":"https:\/\/100kom.com\/hu\/majusban-parban-felaron\/","title":{"rendered":"M\u00e1jusban p\u00e1rban f\u00e9l\u00e1ron!"},"content":{"rendered":"<p><img loading=\"lazy\" decoding=\"async\" class=\"alignnone size-medium wp-image-4890\" src=\"https:\/\/100kom.com\/wp-content\/uploads\/2025\/04\/002-HU-300x200.jpg\" alt=\"\" width=\"300\" height=\"200\" srcset=\"https:\/\/100kom.com\/wp-content\/uploads\/2025\/04\/002-HU-300x200.jpg 300w, https:\/\/100kom.com\/wp-content\/uploads\/2025\/04\/002-HU-1024x683.jpg 1024w, https:\/\/100kom.com\/wp-content\/uploads\/2025\/04\/002-HU-768x512.jpg 768w, https:\/\/100kom.com\/wp-content\/uploads\/2025\/04\/002-HU-1536x1024.jpg 1536w, https:\/\/100kom.com\/wp-content\/uploads\/2025\/04\/002-HU-2048x1365.jpg 2048w, https:\/\/100kom.com\/wp-content\/uploads\/2025\/04\/002-HU-600x400.jpg 600w, https:\/\/100kom.com\/wp-content\/uploads\/2025\/04\/002-HU-90x60.jpg 90w, https:\/\/100kom.com\/wp-content\/uploads\/2025\/04\/002-HU-135x90.jpg 135w\" sizes=\"auto, (max-width: 300px) 100vw, 300px\" \/><\/p>\n<p>Nevezz be bar\u00e1tn\u0151ddel, bar\u00e1toddal, feles\u00e9geddel, f\u00e9rjeddel, koll\u00e9gan\u0151ddel, koll\u00e9g\u00e1ddal, kedveseddel, testv\u00e9reddel, egysz\u00f3val gyertek m\u00e1jusban tekerni p\u00e1rban \u00e9s mindkett\u0151t\u00f6k 50 %-kos kedvezm\u00e9nyt kap aj\u00e1nd\u00e9kba.<\/p>\n<p>El\u00e9g, ha 2025\u00a0 m\u00e1jus 1. \u00e9s 31. k\u00f6z\u00f6tt beneveztek \u00e9s a nevez\u00e9si d\u00edj fel\u00e9t t\u00e9r\u00edtitek meg. A megjegyz\u00e9sbe \u00edrj\u00e1tok be: \u201eM\u00e1jusi p\u00e1ros\u201d \u00e9s a m\u00e1sik f\u00e9l nev\u00e9t. \u00cdgy tudunk p\u00e1rk\u00e9nt beazonos\u00edtani benneteket.<\/p>\n","protected":false},"excerpt":{"rendered":"<p>Nevezz be bar\u00e1tn\u0151ddel, bar\u00e1toddal, feles\u00e9geddel, f\u00e9rjeddel, koll\u00e9gan\u0151ddel, koll\u00e9g\u00e1ddal, kedveseddel, testv\u00e9reddel, egysz\u00f3val gyertek m\u00e1jusban tekerni p\u00e1rban \u00e9s mindkett\u0151t\u00f6k 50 %-kos kedvezm\u00e9nyt kap aj\u00e1nd\u00e9kba. El\u00e9g, ha 2025\u00a0 m\u00e1jus 1. \u00e9s 31. k\u00f6z\u00f6tt beneveztek \u00e9s a nevez\u00e9si d\u00edj fel\u00e9t t\u00e9r\u00edtitek meg. A megjegyz\u00e9sbe \u00edrj\u00e1tok be: \u201eM\u00e1jusi p\u00e1ros\u201d \u00e9s a m\u00e1sik f\u00e9l nev\u00e9t. \u00cdgy tudunk p\u00e1rk\u00e9nt beazonos\u00edtani benneteket.<\/p>\n","protected":false},"author":424,"featured_media":0,"parent":0,"menu_order":0,"comment_status":"closed","ping_status":"closed","template":"","meta":{"footnotes":""},"class_list":["post-4222","page","type-page","status-publish","hentry"],"acf":[],"yoast_head":"<!-- This site is optimized with the Yoast SEO plugin v27.5 - https:\/\/yoast.com\/product\/yoast-seo-wordpress\/ -->\n<title>M\u00e1jusban p\u00e1rban f\u00e9l\u00e1ron! - 100KOM.com<\/title>\n<meta name=\"description\" content=\"Gyertek m\u00e1jusban tekerni p\u00e1rban \u00e9s mindkett\u0151t\u00f6k 50 %-kos kedvezm\u00e9nyt kap aj\u00e1nd\u00e9kba.\" \/>\n<meta name=\"robots\" content=\"index, follow, max-snippet:-1, max-image-preview:large, max-video-preview:-1\" \/>\n<link rel=\"canonical\" href=\"https:\/\/100kom.com\/hu\/majusban-parban-felaron\/\" \/>\n<meta property=\"og:locale\" content=\"hu_HU\" \/>\n<meta property=\"og:type\" content=\"article\" \/>\n<meta property=\"og:title\" content=\"M\u00e1jusban p\u00e1rban f\u00e9l\u00e1ron! - 100KOM.com\" \/>\n<meta property=\"og:description\" content=\"Gyertek m\u00e1jusban tekerni p\u00e1rban \u00e9s mindkett\u0151t\u00f6k 50 %-kos kedvezm\u00e9nyt kap aj\u00e1nd\u00e9kba.\" \/>\n<meta property=\"og:url\" content=\"https:\/\/100kom.com\/hu\/majusban-parban-felaron\/\" \/>\n<meta property=\"og:site_name\" content=\"100KOM.com\" \/>\n<meta property=\"article:publisher\" content=\"https:\/\/www.facebook.com\/100KOMcom\" \/>\n<meta property=\"article:modified_time\" content=\"2025-04-24T17:49:11+00:00\" \/>\n<meta property=\"og:image\" content=\"https:\/\/100kom.com\/wp-content\/uploads\/2024\/05\/istockphoto-1492089818-612x612-1.jpg\" \/>\n\t<meta property=\"og:image:width\" content=\"612\" \/>\n\t<meta property=\"og:image:height\" content=\"407\" \/>\n\t<meta property=\"og:image:type\" content=\"image\/jpeg\" \/>\n<meta name=\"twitter:card\" content=\"summary_large_image\" \/>\n<meta name=\"twitter:label1\" content=\"Becs\u00fclt olvas\u00e1si id\u0151\" \/>\n\t<meta name=\"twitter:data1\" content=\"1 perc\" \/>\n<script type=\"application\/ld+json\" class=\"yoast-schema-graph\">{\"@context\":\"https:\\\/\\\/schema.org\",\"@graph\":[{\"@type\":\"WebPage\",\"@id\":\"https:\\\/\\\/100kom.com\\\/hu\\\/majusban-parban-felaron\\\/\",\"url\":\"https:\\\/\\\/100kom.com\\\/hu\\\/majusban-parban-felaron\\\/\",\"name\":\"M\u00e1jusban p\u00e1rban f\u00e9l\u00e1ron! - 100KOM.com\",\"isPartOf\":{\"@id\":\"https:\\\/\\\/100kom.com\\\/#website\"},\"primaryImageOfPage\":{\"@id\":\"https:\\\/\\\/100kom.com\\\/hu\\\/majusban-parban-felaron\\\/#primaryimage\"},\"image\":{\"@id\":\"https:\\\/\\\/100kom.com\\\/hu\\\/majusban-parban-felaron\\\/#primaryimage\"},\"thumbnailUrl\":\"https:\\\/\\\/100kom.com\\\/wp-content\\\/uploads\\\/2025\\\/04\\\/002-HU-300x200.jpg\",\"datePublished\":\"2024-05-01T05:45:51+00:00\",\"dateModified\":\"2025-04-24T17:49:11+00:00\",\"description\":\"Gyertek m\u00e1jusban tekerni p\u00e1rban \u00e9s mindkett\u0151t\u00f6k 50 %-kos kedvezm\u00e9nyt kap aj\u00e1nd\u00e9kba.\",\"breadcrumb\":{\"@id\":\"https:\\\/\\\/100kom.com\\\/hu\\\/majusban-parban-felaron\\\/#breadcrumb\"},\"inLanguage\":\"hu\",\"potentialAction\":[{\"@type\":\"ReadAction\",\"target\":[\"https:\\\/\\\/100kom.com\\\/hu\\\/majusban-parban-felaron\\\/\"]}]},{\"@type\":\"ImageObject\",\"inLanguage\":\"hu\",\"@id\":\"https:\\\/\\\/100kom.com\\\/hu\\\/majusban-parban-felaron\\\/#primaryimage\",\"url\":\"https:\\\/\\\/100kom.com\\\/wp-content\\\/uploads\\\/2025\\\/04\\\/002-HU-300x200.jpg\",\"contentUrl\":\"https:\\\/\\\/100kom.com\\\/wp-content\\\/uploads\\\/2025\\\/04\\\/002-HU-300x200.jpg\"},{\"@type\":\"BreadcrumbList\",\"@id\":\"https:\\\/\\\/100kom.com\\\/hu\\\/majusban-parban-felaron\\\/#breadcrumb\",\"itemListElement\":[{\"@type\":\"ListItem\",\"position\":1,\"name\":\"Home\",\"item\":\"https:\\\/\\\/100kom.com\\\/hu\\\/home-hu\\\/\"},{\"@type\":\"ListItem\",\"position\":2,\"name\":\"M\u00e1jusban p\u00e1rban f\u00e9l\u00e1ron!\"}]},{\"@type\":\"WebSite\",\"@id\":\"https:\\\/\\\/100kom.com\\\/#website\",\"url\":\"https:\\\/\\\/100kom.com\\\/\",\"name\":\"100KOM.com\",\"description\":\"Instant cycling challenges\",\"publisher\":{\"@id\":\"https:\\\/\\\/100kom.com\\\/#organization\"},\"potentialAction\":[{\"@type\":\"SearchAction\",\"target\":{\"@type\":\"EntryPoint\",\"urlTemplate\":\"https:\\\/\\\/100kom.com\\\/?s={search_term_string}\"},\"query-input\":{\"@type\":\"PropertyValueSpecification\",\"valueRequired\":true,\"valueName\":\"search_term_string\"}}],\"inLanguage\":\"hu\"},{\"@type\":\"Organization\",\"@id\":\"https:\\\/\\\/100kom.com\\\/#organization\",\"name\":\"100KOM.com\",\"url\":\"https:\\\/\\\/100kom.com\\\/\",\"logo\":{\"@type\":\"ImageObject\",\"inLanguage\":\"hu\",\"@id\":\"https:\\\/\\\/100kom.com\\\/#\\\/schema\\\/logo\\\/image\\\/\",\"url\":\"https:\\\/\\\/100kom.com\\\/wp-content\\\/uploads\\\/2020\\\/04\\\/logo.png\",\"contentUrl\":\"https:\\\/\\\/100kom.com\\\/wp-content\\\/uploads\\\/2020\\\/04\\\/logo.png\",\"width\":147,\"height\":16,\"caption\":\"100KOM.com\"},\"image\":{\"@id\":\"https:\\\/\\\/100kom.com\\\/#\\\/schema\\\/logo\\\/image\\\/\"},\"sameAs\":[\"https:\\\/\\\/www.facebook.com\\\/100KOMcom\"]}]}<\/script>\n<!-- \/ Yoast SEO plugin. -->","yoast_head_json":{"title":"M\u00e1jusban p\u00e1rban f\u00e9l\u00e1ron! - 100KOM.com","description":"Gyertek m\u00e1jusban tekerni p\u00e1rban \u00e9s mindkett\u0151t\u00f6k 50 %-kos kedvezm\u00e9nyt kap aj\u00e1nd\u00e9kba.","robots":{"index":"index","follow":"follow","max-snippet":"max-snippet:-1","max-image-preview":"max-image-preview:large","max-video-preview":"max-video-preview:-1"},"canonical":"https:\/\/100kom.com\/hu\/majusban-parban-felaron\/","og_locale":"hu_HU","og_type":"article","og_title":"M\u00e1jusban p\u00e1rban f\u00e9l\u00e1ron! - 100KOM.com","og_description":"Gyertek m\u00e1jusban tekerni p\u00e1rban \u00e9s mindkett\u0151t\u00f6k 50 %-kos kedvezm\u00e9nyt kap aj\u00e1nd\u00e9kba.","og_url":"https:\/\/100kom.com\/hu\/majusban-parban-felaron\/","og_site_name":"100KOM.com","article_publisher":"https:\/\/www.facebook.com\/100KOMcom","article_modified_time":"2025-04-24T17:49:11+00:00","og_image":[{"width":612,"height":407,"url":"https:\/\/100kom.com\/wp-content\/uploads\/2024\/05\/istockphoto-1492089818-612x612-1.jpg","type":"image\/jpeg"}],"twitter_card":"summary_large_image","twitter_misc":{"Becs\u00fclt olvas\u00e1si id\u0151":"1 perc"},"schema":{"@context":"https:\/\/schema.org","@graph":[{"@type":"WebPage","@id":"https:\/\/100kom.com\/hu\/majusban-parban-felaron\/","url":"https:\/\/100kom.com\/hu\/majusban-parban-felaron\/","name":"M\u00e1jusban p\u00e1rban f\u00e9l\u00e1ron! - 100KOM.com","isPartOf":{"@id":"https:\/\/100kom.com\/#website"},"primaryImageOfPage":{"@id":"https:\/\/100kom.com\/hu\/majusban-parban-felaron\/#primaryimage"},"image":{"@id":"https:\/\/100kom.com\/hu\/majusban-parban-felaron\/#primaryimage"},"thumbnailUrl":"https:\/\/100kom.com\/wp-content\/uploads\/2025\/04\/002-HU-300x200.jpg","datePublished":"2024-05-01T05:45:51+00:00","dateModified":"2025-04-24T17:49:11+00:00","description":"Gyertek m\u00e1jusban tekerni p\u00e1rban \u00e9s mindkett\u0151t\u00f6k 50 %-kos kedvezm\u00e9nyt kap aj\u00e1nd\u00e9kba.","breadcrumb":{"@id":"https:\/\/100kom.com\/hu\/majusban-parban-felaron\/#breadcrumb"},"inLanguage":"hu","potentialAction":[{"@type":"ReadAction","target":["https:\/\/100kom.com\/hu\/majusban-parban-felaron\/"]}]},{"@type":"ImageObject","inLanguage":"hu","@id":"https:\/\/100kom.com\/hu\/majusban-parban-felaron\/#primaryimage","url":"https:\/\/100kom.com\/wp-content\/uploads\/2025\/04\/002-HU-300x200.jpg","contentUrl":"https:\/\/100kom.com\/wp-content\/uploads\/2025\/04\/002-HU-300x200.jpg"},{"@type":"BreadcrumbList","@id":"https:\/\/100kom.com\/hu\/majusban-parban-felaron\/#breadcrumb","itemListElement":[{"@type":"ListItem","position":1,"name":"Home","item":"https:\/\/100kom.com\/hu\/home-hu\/"},{"@type":"ListItem","position":2,"name":"M\u00e1jusban p\u00e1rban f\u00e9l\u00e1ron!"}]},{"@type":"WebSite","@id":"https:\/\/100kom.com\/#website","url":"https:\/\/100kom.com\/","name":"100KOM.com","description":"Instant cycling challenges","publisher":{"@id":"https:\/\/100kom.com\/#organization"},"potentialAction":[{"@type":"SearchAction","target":{"@type":"EntryPoint","urlTemplate":"https:\/\/100kom.com\/?s={search_term_string}"},"query-input":{"@type":"PropertyValueSpecification","valueRequired":true,"valueName":"search_term_string"}}],"inLanguage":"hu"},{"@type":"Organization","@id":"https:\/\/100kom.com\/#organization","name":"100KOM.com","url":"https:\/\/100kom.com\/","logo":{"@type":"ImageObject","inLanguage":"hu","@id":"https:\/\/100kom.com\/#\/schema\/logo\/image\/","url":"https:\/\/100kom.com\/wp-content\/uploads\/2020\/04\/logo.png","contentUrl":"https:\/\/100kom.com\/wp-content\/uploads\/2020\/04\/logo.png","width":147,"height":16,"caption":"100KOM.com"},"image":{"@id":"https:\/\/100kom.com\/#\/schema\/logo\/image\/"},"sameAs":["https:\/\/www.facebook.com\/100KOMcom"]}]}},"_links":{"self":[{"href":"https:\/\/100kom.com\/hu\/wp-json\/wp\/v2\/pages\/4222","targetHints":{"allow":["GET"]}}],"collection":[{"href":"https:\/\/100kom.com\/hu\/wp-json\/wp\/v2\/pages"}],"about":[{"href":"https:\/\/100kom.com\/hu\/wp-json\/wp\/v2\/types\/page"}],"author":[{"embeddable":true,"href":"https:\/\/100kom.com\/hu\/wp-json\/wp\/v2\/users\/424"}],"replies":[{"embeddable":true,"href":"https:\/\/100kom.com\/hu\/wp-json\/wp\/v2\/comments?post=4222"}],"version-history":[{"count":0,"href":"https:\/\/100kom.com\/hu\/wp-json\/wp\/v2\/pages\/4222\/revisions"}],"wp:attachment":[{"href":"https:\/\/100kom.com\/hu\/wp-json\/wp\/v2\/media?parent=4222"}],"curies":[{"name":"wp","href":"https:\/\/api.w.org\/{rel}","templated":true}]}}