{"id":1940,"date":"2020-12-11T10:51:05","date_gmt":"2020-12-11T08:51:05","guid":{"rendered":"https:\/\/100kom.com\/100-king-kihivas\/"},"modified":"2025-12-23T14:40:38","modified_gmt":"2025-12-23T13:40:38","slug":"100-king-kihivas","status":"publish","type":"page","link":"https:\/\/100kom.com\/hu\/100-king-kihivas\/","title":{"rendered":"\u201e100 King\u201c kih\u00edv\u00e1s"},"content":{"rendered":"<p><img loading=\"lazy\" decoding=\"async\" class=\"alignnone wp-image-4796\" src=\"https:\/\/100kom.com\/wp-content\/uploads\/2025\/01\/100-king-03-300x158.jpg\" alt=\"\" width=\"915\" height=\"482\" srcset=\"https:\/\/100kom.com\/wp-content\/uploads\/2025\/01\/100-king-03-300x158.jpg 300w, https:\/\/100kom.com\/wp-content\/uploads\/2025\/01\/100-king-03-1024x538.jpg 1024w, https:\/\/100kom.com\/wp-content\/uploads\/2025\/01\/100-king-03-1536x807.jpg 1536w, https:\/\/100kom.com\/wp-content\/uploads\/2025\/01\/100-king-03-2048x1076.jpg 2048w, https:\/\/100kom.com\/wp-content\/uploads\/2025\/01\/100-king-03-600x315.jpg 600w, https:\/\/100kom.com\/wp-content\/uploads\/2025\/01\/100-king-03-114x60.jpg 114w, https:\/\/100kom.com\/wp-content\/uploads\/2025\/01\/100-king-03-171x90.jpg 171w\" sizes=\"auto, (max-width: 915px) 100vw, 915px\" \/><\/p>\n<h2><span style=\"color: #f76a6a;\">Legy\u00e9l 2026-ben a kom\u00e1romi sz\u00e1zas kir\u00e1lya !\u00a0<\/span><\/h2>\n<p>A \u201eKom\u00e1romi 100-as\u201c kir\u00e1lya az lesz, aki 2026-ban a legt\u00f6bb k\u00f6rt tekeri le! Nem sz\u00e1m\u00edt, hogy a 100, 200 vagy 300 km-es t\u00e1vokat teljes\u00edted. Minden egyes sikeresen teljes\u00edtett k\u00f6r sz\u00e1m\u00edt, csup\u00e1n annyi k\u00fcl\u00f6nbs\u00e9ggel, hogy a 100 km-es t\u00e1v 1, a 200 km-es t\u00e1v 2 k\u00f6rnek felel meg.<\/p>\n<p>A kih\u00edv\u00e1s 2026.janu\u00e1r 1. indul \u00e9s december 31-\u00e9n, \u00e9jf\u00e9lkor z\u00e1rul. Az abszol\u00fat gy\u0151ztes az lesz, aki az \u00e9v v\u00e9g\u00e9re a legt\u00f6bb sikeres k\u00f6rt teljes\u00edti. Holtverseny eset\u00e9n az \u00f6sszes teljes\u00edtett kih\u00edv\u00e1sb\u00f3l sz\u00e1rmaz\u00f3 jobb id\u0151eredm\u00e9ny sz\u00e1m\u00edt.<\/p>\n<p><strong>Az els\u0151 h\u00e1rom helyezett saj\u00e1t n\u00e9vvel ell\u00e1tott \u00e9remmel gazdagodik. A legt\u00f6bb k\u00f6rt teljes\u00edt\u0151 versenyz\u0151 ezen fel\u00fcl a 100KING2026 kup\u00e1t is \u00e1tveheti. <\/strong><\/p>\n<p><strong>Hogy lehet csatlakozni a 100KING2026 kih\u00edv\u00e1shoz? <\/strong><\/p>\n<p>A kih\u00edv\u00e1sok teljes\u00edt\u00e9s\u00e9hez sz\u00fcks\u00e9ges nevez\u00e9si d\u00edjakat k\u00fcl\u00f6n-k\u00fcl\u00f6n, vagy eg\u00e9sz \u00e9ves b\u00e9rlet form\u00e1j\u00e1ban is megv\u00e1s\u00e1rolhat\u00f3k. El\u0151bbi esetben a nevez\u00e9si d\u00edj futamonk\u00e9nt 7\u20ac , illetve 10\u20ac att\u00f3l f\u00fcgg\u0151en, hogy\u00a0 teljes\u00edt\u00e9s ut\u00e1n ig\u00e9nyelsz-e \u00e9rmet, vagy nem. Az \u00e9ves <a href=\"https:\/\/100kom.com\/hu\/shop\/eves-berlet\/\"><strong>B\u00c9RLET<\/strong><\/a> \u00e1ra ezzel szemben 70\u20ac, melyet korl\u00e1tlan alkalommal \u00e9rv\u00e9nyes\u00edtheted, de nem tartalmazza az \u00e9rmet. A k\u00f6vetkez\u0151 lehet\u0151s\u00e9g, hogy a <a href=\"https:\/\/100kom.com\/hu\/100-king-kihivas\/\"><strong>DIAMOND KLUB<\/strong><\/a> tagj\u00e1v\u00e1 v\u00e1lsz \u00e9s korl\u00e1tlanul tekerhetsz fizet\u00e9s n\u00e9lk\u00fcl.<\/p>\n<p>A <strong>&#8222;100KING-2026&#8221;<\/strong> b\u00e9rlet haszn\u00e1latba v\u00e9tel\u00e9nek l\u00e9p\u00e9sei:<\/p>\n<ul>\n<li>Rendeld meg a &#8222;100KING2026&#8221;.<\/li>\n<li>A v\u00e1s\u00e1rl\u00e1s befejez\u00e9se ut\u00e1n az e-mail c\u00edmed besoroljuk a speci\u00e1lis (100KING-2026) kupon\u00a0 jogos felhaszn\u00e1l\u00f3i k\u00f6z\u00e9. \u00cdgy\u00a0 ingyenes v\u00e1s\u00e1rl\u00e1st biztos\u00edtasz magadnak\u00a0 a 100, 200 \u00e9s 300 km-es kih\u00edv\u00e1sokra.<\/li>\n<li>Minden egyes teljes\u00edt\u00e9s el\u0151tt meg kell rendelned valamelyik kih\u00edv\u00e1st \u00e9s felhaszn\u00e1lni ezt a kupont.<\/li>\n<li>A\u00a0rendel\u00e9s lead\u00e1sa ut\u00e1n nem marad m\u00e1s, mint felpattanni a\u00a0ker\u00e9kp\u00e1rra \u00e9s teljes\u00edteni a\u00a0kih\u00edv\u00e1st!<\/li>\n<\/ul>\n<p>K\u00e9szen \u00e1llsz egy sorozatban letekerni a lehet\u0151 legt\u00f6bb k\u00f6rt egym\u00e1s ut\u00e1ni napokon? A j\u00f3 h\u00edr sz\u00e1modra, hogy ezt az extra kih\u00edv\u00e1st\u00a0 kombin\u00e1lhatod a <a href=\"https:\/\/100kom.com\/hu\/100xl-kihivas\/\"><strong>\u201e100XL\u201c<\/strong><\/a> kih\u00edv\u00e1ssal, \u00edgy egyszerre sz\u00e1llhatsz harcba mindk\u00e9t kup\u00e1\u00e9rt!<\/p>\n<p><strong>A 100KING kupa gy\u0151ztesei:<\/strong><\/p>\n<p>2021 \u2013 <a href=\"https:\/\/www.facebook.com\/100KOMcom\/photos\/pb.100063487541541.-2207520000\/466648435090888\/?type=3\">\u00a0Dobai <\/a><a href=\"https:\/\/www.facebook.com\/100KOMcom\/photos\/pb.100063487541541.-2207520000\/466648435090888\/?type=3\">Attila<\/a> 12 k\u00f6r<\/p>\n<p>2022 \u2013\u00a0<a href=\"https:\/\/www.facebook.com\/photo.php?fbid=644465471013032&amp;set=pb.100063487541541.-2207520000&amp;type=3\">Bese<\/a><a href=\"https:\/\/www.facebook.com\/photo.php?fbid=644465471013032&amp;set=pb.100063487541541.-2207520000&amp;type=3\"> Zolt\u00e1n <\/a>\u00a014 k\u00f6r<\/p>\n<p>2023 \u2013 <a href=\"https:\/\/www.facebook.com\/photo.php?fbid=884814796978097&amp;set=pb.100063487541541.-2207520000&amp;type=3\">Buga<\/a> <a href=\"https:\/\/www.facebook.com\/photo.php?fbid=884814796978097&amp;set=pb.100063487541541.-2207520000&amp;type=3\">Fridrich <\/a>\u00a024 k\u00f6r<\/p>\n<p>2024 \u2013 <a href=\"https:\/\/www.facebook.com\/photo.php?fbid=1147191537407087&amp;set=pb.100063487541541.-2207520000&amp;type=3\">Buga Fridrich<\/a><a href=\"https:\/\/www.facebook.com\/photo.php?fbid=884814796978097&amp;set=pb.100063487541541.-2207520000&amp;type=3\">\u00a0<\/a>\u00a035 k\u00f6r<\/p>\n<p>&nbsp;<\/p>\n<p><img loading=\"lazy\" decoding=\"async\" class=\"wp-image-1910 aligncenter\" src=\"https:\/\/100kom.com\/wp-content\/uploads\/2020\/12\/100King-163x300.jpg\" alt=\"\" width=\"365\" height=\"672\" srcset=\"https:\/\/100kom.com\/wp-content\/uploads\/2020\/12\/100King-163x300.jpg 163w, https:\/\/100kom.com\/wp-content\/uploads\/2020\/12\/100King-600x1105.jpg 600w, https:\/\/100kom.com\/wp-content\/uploads\/2020\/12\/100King-556x1024.jpg 556w, https:\/\/100kom.com\/wp-content\/uploads\/2020\/12\/100King-768x1414.jpg 768w, https:\/\/100kom.com\/wp-content\/uploads\/2020\/12\/100King-834x1536.jpg 834w, https:\/\/100kom.com\/wp-content\/uploads\/2020\/12\/100King.jpg 877w\" sizes=\"auto, (max-width: 365px) 100vw, 365px\" \/><\/p>\n","protected":false},"excerpt":{"rendered":"<p>Legy\u00e9l 2026-ben a kom\u00e1romi sz\u00e1zas kir\u00e1lya !\u00a0 A \u201eKom\u00e1romi 100-as\u201c kir\u00e1lya az lesz, aki 2026-ban a legt\u00f6bb k\u00f6rt tekeri le! Nem sz\u00e1m\u00edt, hogy a 100, 200 vagy 300 km-es t\u00e1vokat teljes\u00edted. Minden egyes sikeresen teljes\u00edtett k\u00f6r sz\u00e1m\u00edt, csup\u00e1n annyi k\u00fcl\u00f6nbs\u00e9ggel, hogy a 100 km-es t\u00e1v 1, a 200 km-es t\u00e1v 2 k\u00f6rnek felel meg. A [&hellip;]<\/p>\n","protected":false},"author":27,"featured_media":4796,"parent":0,"menu_order":0,"comment_status":"closed","ping_status":"closed","template":"","meta":{"footnotes":""},"class_list":["post-1940","page","type-page","status-publish","has-post-thumbnail","hentry"],"acf":[],"yoast_head":"<!-- This site is optimized with the Yoast SEO plugin v27.5 - https:\/\/yoast.com\/product\/yoast-seo-wordpress\/ -->\n<title>Ker\u00e9kp\u00e1ros kih\u00edv\u00e1s eg\u00e9sz \u00e9vre | \u201e100 King\u201c kih\u00edv\u00e1s - 100KOM.com<\/title>\n<meta name=\"description\" content=\"Egyed\u00fcl\u00e1ll\u00f3 kih\u00edv\u00e1s a kilom\u00e9terfal\u00f3knak. Ker\u00e9kp\u00e1ros kih\u00edv\u00e1s eg\u00e9sz \u00e9vre, amely minden h\u00f3napban motiv\u00e1l a mozg\u00e1sra \u00e9s a jobb teljes\u00edtm\u00e9nyre. Csatlakozzon, \u00e9s szerezzen \u00e9rmet vagy k\u00fczdj\u00f6n meg ak\u00e1r a 100 KING-kup\u00e1\u00e9rt.\" \/>\n<meta name=\"robots\" content=\"index, follow, max-snippet:-1, max-image-preview:large, max-video-preview:-1\" \/>\n<link rel=\"canonical\" href=\"https:\/\/100kom.com\/hu\/100-king-kihivas\/\" \/>\n<meta property=\"og:locale\" content=\"hu_HU\" \/>\n<meta property=\"og:type\" content=\"article\" \/>\n<meta property=\"og:title\" content=\"Ker\u00e9kp\u00e1ros kih\u00edv\u00e1s eg\u00e9sz \u00e9vre | \u201e100 King\u201c kih\u00edv\u00e1s - 100KOM.com\" \/>\n<meta property=\"og:description\" content=\"Egyed\u00fcl\u00e1ll\u00f3 kih\u00edv\u00e1s a kilom\u00e9terfal\u00f3knak. Ker\u00e9kp\u00e1ros kih\u00edv\u00e1s eg\u00e9sz \u00e9vre, amely minden h\u00f3napban motiv\u00e1l a mozg\u00e1sra \u00e9s a jobb teljes\u00edtm\u00e9nyre. Csatlakozzon, \u00e9s szerezzen \u00e9rmet vagy k\u00fczdj\u00f6n meg ak\u00e1r a 100 KING-kup\u00e1\u00e9rt.\" \/>\n<meta property=\"og:url\" content=\"https:\/\/100kom.com\/hu\/100-king-kihivas\/\" \/>\n<meta property=\"og:site_name\" content=\"100KOM.com\" \/>\n<meta property=\"article:publisher\" content=\"https:\/\/www.facebook.com\/100KOMcom\" \/>\n<meta property=\"article:modified_time\" content=\"2025-12-23T13:40:38+00:00\" \/>\n<meta property=\"og:image\" content=\"https:\/\/100kom.com\/wp-content\/uploads\/2025\/01\/100-king-03-scaled.jpg\" \/>\n\t<meta property=\"og:image:width\" content=\"2560\" \/>\n\t<meta property=\"og:image:height\" content=\"1344\" \/>\n\t<meta property=\"og:image:type\" content=\"image\/jpeg\" \/>\n<meta name=\"twitter:card\" content=\"summary_large_image\" \/>\n<meta name=\"twitter:label1\" content=\"Becs\u00fclt olvas\u00e1si id\u0151\" \/>\n\t<meta name=\"twitter:data1\" content=\"3 perc\" \/>\n<script type=\"application\/ld+json\" class=\"yoast-schema-graph\">{\"@context\":\"https:\\\/\\\/schema.org\",\"@graph\":[{\"@type\":\"WebPage\",\"@id\":\"https:\\\/\\\/100kom.com\\\/hu\\\/100-king-kihivas\\\/\",\"url\":\"https:\\\/\\\/100kom.com\\\/hu\\\/100-king-kihivas\\\/\",\"name\":\"Ker\u00e9kp\u00e1ros kih\u00edv\u00e1s eg\u00e9sz \u00e9vre | \u201e100 King\u201c kih\u00edv\u00e1s - 100KOM.com\",\"isPartOf\":{\"@id\":\"https:\\\/\\\/100kom.com\\\/#website\"},\"primaryImageOfPage\":{\"@id\":\"https:\\\/\\\/100kom.com\\\/hu\\\/100-king-kihivas\\\/#primaryimage\"},\"image\":{\"@id\":\"https:\\\/\\\/100kom.com\\\/hu\\\/100-king-kihivas\\\/#primaryimage\"},\"thumbnailUrl\":\"https:\\\/\\\/100kom.com\\\/wp-content\\\/uploads\\\/2025\\\/01\\\/100-king-03-scaled.jpg\",\"datePublished\":\"2020-12-11T08:51:05+00:00\",\"dateModified\":\"2025-12-23T13:40:38+00:00\",\"description\":\"Egyed\u00fcl\u00e1ll\u00f3 kih\u00edv\u00e1s a kilom\u00e9terfal\u00f3knak. Ker\u00e9kp\u00e1ros kih\u00edv\u00e1s eg\u00e9sz \u00e9vre, amely minden h\u00f3napban motiv\u00e1l a mozg\u00e1sra \u00e9s a jobb teljes\u00edtm\u00e9nyre. Csatlakozzon, \u00e9s szerezzen \u00e9rmet vagy k\u00fczdj\u00f6n meg ak\u00e1r a 100 KING-kup\u00e1\u00e9rt.\",\"breadcrumb\":{\"@id\":\"https:\\\/\\\/100kom.com\\\/hu\\\/100-king-kihivas\\\/#breadcrumb\"},\"inLanguage\":\"hu\",\"potentialAction\":[{\"@type\":\"ReadAction\",\"target\":[\"https:\\\/\\\/100kom.com\\\/hu\\\/100-king-kihivas\\\/\"]}]},{\"@type\":\"ImageObject\",\"inLanguage\":\"hu\",\"@id\":\"https:\\\/\\\/100kom.com\\\/hu\\\/100-king-kihivas\\\/#primaryimage\",\"url\":\"https:\\\/\\\/100kom.com\\\/wp-content\\\/uploads\\\/2025\\\/01\\\/100-king-03-scaled.jpg\",\"contentUrl\":\"https:\\\/\\\/100kom.com\\\/wp-content\\\/uploads\\\/2025\\\/01\\\/100-king-03-scaled.jpg\",\"width\":2560,\"height\":1344},{\"@type\":\"BreadcrumbList\",\"@id\":\"https:\\\/\\\/100kom.com\\\/hu\\\/100-king-kihivas\\\/#breadcrumb\",\"itemListElement\":[{\"@type\":\"ListItem\",\"position\":1,\"name\":\"Home\",\"item\":\"https:\\\/\\\/100kom.com\\\/hu\\\/home-hu\\\/\"},{\"@type\":\"ListItem\",\"position\":2,\"name\":\"\u201e100 King\u201c kih\u00edv\u00e1s\"}]},{\"@type\":\"WebSite\",\"@id\":\"https:\\\/\\\/100kom.com\\\/#website\",\"url\":\"https:\\\/\\\/100kom.com\\\/\",\"name\":\"100KOM.com\",\"description\":\"Instant cycling challenges\",\"publisher\":{\"@id\":\"https:\\\/\\\/100kom.com\\\/#organization\"},\"potentialAction\":[{\"@type\":\"SearchAction\",\"target\":{\"@type\":\"EntryPoint\",\"urlTemplate\":\"https:\\\/\\\/100kom.com\\\/?s={search_term_string}\"},\"query-input\":{\"@type\":\"PropertyValueSpecification\",\"valueRequired\":true,\"valueName\":\"search_term_string\"}}],\"inLanguage\":\"hu\"},{\"@type\":\"Organization\",\"@id\":\"https:\\\/\\\/100kom.com\\\/#organization\",\"name\":\"100KOM.com\",\"url\":\"https:\\\/\\\/100kom.com\\\/\",\"logo\":{\"@type\":\"ImageObject\",\"inLanguage\":\"hu\",\"@id\":\"https:\\\/\\\/100kom.com\\\/#\\\/schema\\\/logo\\\/image\\\/\",\"url\":\"https:\\\/\\\/100kom.com\\\/wp-content\\\/uploads\\\/2020\\\/04\\\/logo.png\",\"contentUrl\":\"https:\\\/\\\/100kom.com\\\/wp-content\\\/uploads\\\/2020\\\/04\\\/logo.png\",\"width\":147,\"height\":16,\"caption\":\"100KOM.com\"},\"image\":{\"@id\":\"https:\\\/\\\/100kom.com\\\/#\\\/schema\\\/logo\\\/image\\\/\"},\"sameAs\":[\"https:\\\/\\\/www.facebook.com\\\/100KOMcom\"]}]}<\/script>\n<!-- \/ Yoast SEO plugin. -->","yoast_head_json":{"title":"Ker\u00e9kp\u00e1ros kih\u00edv\u00e1s eg\u00e9sz \u00e9vre | \u201e100 King\u201c kih\u00edv\u00e1s - 100KOM.com","description":"Egyed\u00fcl\u00e1ll\u00f3 kih\u00edv\u00e1s a kilom\u00e9terfal\u00f3knak. Ker\u00e9kp\u00e1ros kih\u00edv\u00e1s eg\u00e9sz \u00e9vre, amely minden h\u00f3napban motiv\u00e1l a mozg\u00e1sra \u00e9s a jobb teljes\u00edtm\u00e9nyre. Csatlakozzon, \u00e9s szerezzen \u00e9rmet vagy k\u00fczdj\u00f6n meg ak\u00e1r a 100 KING-kup\u00e1\u00e9rt.","robots":{"index":"index","follow":"follow","max-snippet":"max-snippet:-1","max-image-preview":"max-image-preview:large","max-video-preview":"max-video-preview:-1"},"canonical":"https:\/\/100kom.com\/hu\/100-king-kihivas\/","og_locale":"hu_HU","og_type":"article","og_title":"Ker\u00e9kp\u00e1ros kih\u00edv\u00e1s eg\u00e9sz \u00e9vre | \u201e100 King\u201c kih\u00edv\u00e1s - 100KOM.com","og_description":"Egyed\u00fcl\u00e1ll\u00f3 kih\u00edv\u00e1s a kilom\u00e9terfal\u00f3knak. Ker\u00e9kp\u00e1ros kih\u00edv\u00e1s eg\u00e9sz \u00e9vre, amely minden h\u00f3napban motiv\u00e1l a mozg\u00e1sra \u00e9s a jobb teljes\u00edtm\u00e9nyre. Csatlakozzon, \u00e9s szerezzen \u00e9rmet vagy k\u00fczdj\u00f6n meg ak\u00e1r a 100 KING-kup\u00e1\u00e9rt.","og_url":"https:\/\/100kom.com\/hu\/100-king-kihivas\/","og_site_name":"100KOM.com","article_publisher":"https:\/\/www.facebook.com\/100KOMcom","article_modified_time":"2025-12-23T13:40:38+00:00","og_image":[{"width":2560,"height":1344,"url":"https:\/\/100kom.com\/wp-content\/uploads\/2025\/01\/100-king-03-scaled.jpg","type":"image\/jpeg"}],"twitter_card":"summary_large_image","twitter_misc":{"Becs\u00fclt olvas\u00e1si id\u0151":"3 perc"},"schema":{"@context":"https:\/\/schema.org","@graph":[{"@type":"WebPage","@id":"https:\/\/100kom.com\/hu\/100-king-kihivas\/","url":"https:\/\/100kom.com\/hu\/100-king-kihivas\/","name":"Ker\u00e9kp\u00e1ros kih\u00edv\u00e1s eg\u00e9sz \u00e9vre | \u201e100 King\u201c kih\u00edv\u00e1s - 100KOM.com","isPartOf":{"@id":"https:\/\/100kom.com\/#website"},"primaryImageOfPage":{"@id":"https:\/\/100kom.com\/hu\/100-king-kihivas\/#primaryimage"},"image":{"@id":"https:\/\/100kom.com\/hu\/100-king-kihivas\/#primaryimage"},"thumbnailUrl":"https:\/\/100kom.com\/wp-content\/uploads\/2025\/01\/100-king-03-scaled.jpg","datePublished":"2020-12-11T08:51:05+00:00","dateModified":"2025-12-23T13:40:38+00:00","description":"Egyed\u00fcl\u00e1ll\u00f3 kih\u00edv\u00e1s a kilom\u00e9terfal\u00f3knak. Ker\u00e9kp\u00e1ros kih\u00edv\u00e1s eg\u00e9sz \u00e9vre, amely minden h\u00f3napban motiv\u00e1l a mozg\u00e1sra \u00e9s a jobb teljes\u00edtm\u00e9nyre. Csatlakozzon, \u00e9s szerezzen \u00e9rmet vagy k\u00fczdj\u00f6n meg ak\u00e1r a 100 KING-kup\u00e1\u00e9rt.","breadcrumb":{"@id":"https:\/\/100kom.com\/hu\/100-king-kihivas\/#breadcrumb"},"inLanguage":"hu","potentialAction":[{"@type":"ReadAction","target":["https:\/\/100kom.com\/hu\/100-king-kihivas\/"]}]},{"@type":"ImageObject","inLanguage":"hu","@id":"https:\/\/100kom.com\/hu\/100-king-kihivas\/#primaryimage","url":"https:\/\/100kom.com\/wp-content\/uploads\/2025\/01\/100-king-03-scaled.jpg","contentUrl":"https:\/\/100kom.com\/wp-content\/uploads\/2025\/01\/100-king-03-scaled.jpg","width":2560,"height":1344},{"@type":"BreadcrumbList","@id":"https:\/\/100kom.com\/hu\/100-king-kihivas\/#breadcrumb","itemListElement":[{"@type":"ListItem","position":1,"name":"Home","item":"https:\/\/100kom.com\/hu\/home-hu\/"},{"@type":"ListItem","position":2,"name":"\u201e100 King\u201c kih\u00edv\u00e1s"}]},{"@type":"WebSite","@id":"https:\/\/100kom.com\/#website","url":"https:\/\/100kom.com\/","name":"100KOM.com","description":"Instant cycling challenges","publisher":{"@id":"https:\/\/100kom.com\/#organization"},"potentialAction":[{"@type":"SearchAction","target":{"@type":"EntryPoint","urlTemplate":"https:\/\/100kom.com\/?s={search_term_string}"},"query-input":{"@type":"PropertyValueSpecification","valueRequired":true,"valueName":"search_term_string"}}],"inLanguage":"hu"},{"@type":"Organization","@id":"https:\/\/100kom.com\/#organization","name":"100KOM.com","url":"https:\/\/100kom.com\/","logo":{"@type":"ImageObject","inLanguage":"hu","@id":"https:\/\/100kom.com\/#\/schema\/logo\/image\/","url":"https:\/\/100kom.com\/wp-content\/uploads\/2020\/04\/logo.png","contentUrl":"https:\/\/100kom.com\/wp-content\/uploads\/2020\/04\/logo.png","width":147,"height":16,"caption":"100KOM.com"},"image":{"@id":"https:\/\/100kom.com\/#\/schema\/logo\/image\/"},"sameAs":["https:\/\/www.facebook.com\/100KOMcom"]}]}},"_links":{"self":[{"href":"https:\/\/100kom.com\/hu\/wp-json\/wp\/v2\/pages\/1940","targetHints":{"allow":["GET"]}}],"collection":[{"href":"https:\/\/100kom.com\/hu\/wp-json\/wp\/v2\/pages"}],"about":[{"href":"https:\/\/100kom.com\/hu\/wp-json\/wp\/v2\/types\/page"}],"author":[{"embeddable":true,"href":"https:\/\/100kom.com\/hu\/wp-json\/wp\/v2\/users\/27"}],"replies":[{"embeddable":true,"href":"https:\/\/100kom.com\/hu\/wp-json\/wp\/v2\/comments?post=1940"}],"version-history":[{"count":0,"href":"https:\/\/100kom.com\/hu\/wp-json\/wp\/v2\/pages\/1940\/revisions"}],"wp:featuredmedia":[{"embeddable":true,"href":"https:\/\/100kom.com\/hu\/wp-json\/wp\/v2\/media\/4796"}],"wp:attachment":[{"href":"https:\/\/100kom.com\/hu\/wp-json\/wp\/v2\/media?parent=1940"}],"curies":[{"name":"wp","href":"https:\/\/api.w.org\/{rel}","templated":true}]}}