{"id":1262,"date":"2020-06-30T13:11:20","date_gmt":"2020-06-30T11:11:20","guid":{"rendered":"https:\/\/100kom.com\/checkpoints\/"},"modified":"2022-02-22T10:36:27","modified_gmt":"2022-02-22T08:36:27","slug":"checkpoints","status":"publish","type":"page","link":"https:\/\/100kom.com\/hu\/checkpoints\/","title":{"rendered":"Checkpoints"},"content":{"rendered":"<h4 class=\"challenge__item__title\">100KM<\/h4>\n<p>A kih\u00edv\u00e1s \u00c9szak-Kom\u00e1romban (Kom\u00e1rno) \u2013 <a href=\"https:\/\/www.google.com\/maps\/place\/Piko-Bike+Kom%C3%A1rno\/@47.7593235,18.118063,15z\/data=!4m5!3m4!1s0x0:0x2c7e0914161769fa!8m2!3d47.7593235!4d18.118063\">PIKO-BIKE<\/a> ker\u00e9kp\u00e1r \u00fczletn\u00e9l kezd\u0151dik a START felirat\u00fa QR-k\u00f3d beolvas\u00e1s\u00e1val. A sikeres aktiv\u00e1l\u00e1sr\u00f3l e-mailban \u00e9rtes\u00edt\u00fcnk. Ezzel elrajtoltad magad \u00e9s nekiv\u00e1ghatsz a t\u00far\u00e1nak.<\/p>\n<p>&nbsp;<\/p>\n<p><strong>Kom\u00e1rno <\/strong>(PIKO-BIKE)<strong><br \/>\n<img loading=\"lazy\" decoding=\"async\" class=\"alignnone wp-image-1284 size-full\" src=\"https:\/\/100kom.com\/wp-content\/uploads\/2020\/07\/4.jpg\" alt=\"\" width=\"1080\" height=\"810\" srcset=\"https:\/\/100kom.com\/wp-content\/uploads\/2020\/07\/4.jpg 1080w, https:\/\/100kom.com\/wp-content\/uploads\/2020\/07\/4-600x450.jpg 600w, https:\/\/100kom.com\/wp-content\/uploads\/2020\/07\/4-300x225.jpg 300w, https:\/\/100kom.com\/wp-content\/uploads\/2020\/07\/4-1024x768.jpg 1024w, https:\/\/100kom.com\/wp-content\/uploads\/2020\/07\/4-768x576.jpg 768w\" sizes=\"auto, (max-width: 1080px) 100vw, 1080px\" \/><br \/>\n<\/strong><\/p>\n<p><strong>Dunakarva <\/strong>(k\u00f6zs\u00e9gh\u00e1za \u00e9p\u00fclete)<strong><br \/>\n<img loading=\"lazy\" decoding=\"async\" class=\"alignnone wp-image-1281 size-full\" src=\"https:\/\/100kom.com\/wp-content\/uploads\/2020\/07\/3.jpg\" alt=\"\" width=\"1080\" height=\"810\" srcset=\"https:\/\/100kom.com\/wp-content\/uploads\/2020\/07\/3.jpg 1080w, https:\/\/100kom.com\/wp-content\/uploads\/2020\/07\/3-600x450.jpg 600w, https:\/\/100kom.com\/wp-content\/uploads\/2020\/07\/3-300x225.jpg 300w, https:\/\/100kom.com\/wp-content\/uploads\/2020\/07\/3-1024x768.jpg 1024w, https:\/\/100kom.com\/wp-content\/uploads\/2020\/07\/3-768x576.jpg 768w\" sizes=\"auto, (max-width: 1080px) 100vw, 1080px\" \/><br \/>\n<\/strong><\/p>\n<p><strong>B\u00e1torkeszi <\/strong>(Coffee &amp; Cooks cukr\u00e1szda)<strong><br \/>\n<img loading=\"lazy\" decoding=\"async\" class=\"alignnone wp-image-1278 size-full\" src=\"https:\/\/100kom.com\/wp-content\/uploads\/2020\/07\/2.jpg\" alt=\"\" width=\"1080\" height=\"810\" srcset=\"https:\/\/100kom.com\/wp-content\/uploads\/2020\/07\/2.jpg 1080w, https:\/\/100kom.com\/wp-content\/uploads\/2020\/07\/2-600x450.jpg 600w, https:\/\/100kom.com\/wp-content\/uploads\/2020\/07\/2-300x225.jpg 300w, https:\/\/100kom.com\/wp-content\/uploads\/2020\/07\/2-1024x768.jpg 1024w, https:\/\/100kom.com\/wp-content\/uploads\/2020\/07\/2-768x576.jpg 768w\" sizes=\"auto, (max-width: 1080px) 100vw, 1080px\" \/><br \/>\n<\/strong><\/p>\n<p><strong>\u00cdmely\u00a0<\/strong>(Fresh \u00e9lelmiszer\u00fczlet)<strong><br \/>\n<img loading=\"lazy\" decoding=\"async\" class=\"alignnone wp-image-1296 size-full\" src=\"https:\/\/100kom.com\/wp-content\/uploads\/2020\/07\/8.jpg\" alt=\"\" width=\"1080\" height=\"810\" srcset=\"https:\/\/100kom.com\/wp-content\/uploads\/2020\/07\/8.jpg 1080w, https:\/\/100kom.com\/wp-content\/uploads\/2020\/07\/8-600x450.jpg 600w, https:\/\/100kom.com\/wp-content\/uploads\/2020\/07\/8-300x225.jpg 300w, https:\/\/100kom.com\/wp-content\/uploads\/2020\/07\/8-1024x768.jpg 1024w, https:\/\/100kom.com\/wp-content\/uploads\/2020\/07\/8-768x576.jpg 768w\" sizes=\"auto, (max-width: 1080px) 100vw, 1080px\" \/><br \/>\n<\/strong><\/p>\n<p><strong>Sz\u0151l\u0151s\u00a0<\/strong>(villanykar\u00f3 a ker\u00e9kp\u00e1r\u00faton)<strong><br \/>\n<img loading=\"lazy\" decoding=\"async\" class=\"alignnone wp-image-1275 size-full\" src=\"https:\/\/100kom.com\/wp-content\/uploads\/2020\/07\/1.jpg\" alt=\"\" width=\"1080\" height=\"810\" srcset=\"https:\/\/100kom.com\/wp-content\/uploads\/2020\/07\/1.jpg 1080w, https:\/\/100kom.com\/wp-content\/uploads\/2020\/07\/1-600x450.jpg 600w, https:\/\/100kom.com\/wp-content\/uploads\/2020\/07\/1-300x225.jpg 300w, https:\/\/100kom.com\/wp-content\/uploads\/2020\/07\/1-1024x768.jpg 1024w, https:\/\/100kom.com\/wp-content\/uploads\/2020\/07\/1-768x576.jpg 768w\" sizes=\"auto, (max-width: 1080px) 100vw, 1080px\" \/><br \/>\n<\/strong><\/p>\n<p><strong>Kom\u00e1rno <\/strong>(PIKO-BIKE)\u00a0<strong><br \/>\n<img loading=\"lazy\" decoding=\"async\" class=\"alignnone wp-image-1284 size-full\" src=\"https:\/\/100kom.com\/wp-content\/uploads\/2020\/07\/4.jpg\" alt=\"\" width=\"1080\" height=\"810\" srcset=\"https:\/\/100kom.com\/wp-content\/uploads\/2020\/07\/4.jpg 1080w, https:\/\/100kom.com\/wp-content\/uploads\/2020\/07\/4-600x450.jpg 600w, https:\/\/100kom.com\/wp-content\/uploads\/2020\/07\/4-300x225.jpg 300w, https:\/\/100kom.com\/wp-content\/uploads\/2020\/07\/4-1024x768.jpg 1024w, https:\/\/100kom.com\/wp-content\/uploads\/2020\/07\/4-768x576.jpg 768w\" sizes=\"auto, (max-width: 1080px) 100vw, 1080px\" \/><br \/>\n<\/strong><\/p>\n","protected":false},"excerpt":{"rendered":"<p>100KM A kih\u00edv\u00e1s \u00c9szak-Kom\u00e1romban (Kom\u00e1rno) \u2013 PIKO-BIKE ker\u00e9kp\u00e1r \u00fczletn\u00e9l kezd\u0151dik a START felirat\u00fa QR-k\u00f3d beolvas\u00e1s\u00e1val. A sikeres aktiv\u00e1l\u00e1sr\u00f3l e-mailban \u00e9rtes\u00edt\u00fcnk. Ezzel elrajtoltad magad \u00e9s nekiv\u00e1ghatsz a t\u00far\u00e1nak. &nbsp; Kom\u00e1rno (PIKO-BIKE) Dunakarva (k\u00f6zs\u00e9gh\u00e1za \u00e9p\u00fclete) B\u00e1torkeszi (Coffee &amp; Cooks cukr\u00e1szda) \u00cdmely\u00a0(Fresh \u00e9lelmiszer\u00fczlet) Sz\u0151l\u0151s\u00a0(villanykar\u00f3 a ker\u00e9kp\u00e1r\u00faton) Kom\u00e1rno (PIKO-BIKE)\u00a0<\/p>\n","protected":false},"author":27,"featured_media":0,"parent":0,"menu_order":0,"comment_status":"closed","ping_status":"closed","template":"","meta":{"footnotes":""},"class_list":["post-1262","page","type-page","status-publish","hentry"],"acf":[],"yoast_head":"<!-- This site is optimized with the Yoast SEO plugin v27.4 - https:\/\/yoast.com\/product\/yoast-seo-wordpress\/ -->\n<title>Meg\u00e1ll\u00f3k \u00e1ttekint\u00e9se | Biciklis kih\u00edv\u00e1s 100 km |100KOM.com<\/title>\n<meta name=\"description\" content=\"A meg\u00e1ll\u00f3k \u00e1ttekint\u00e9se, hogy a lehet\u0151 leghamarabb megtal\u00e1lja \u0151ket. Gy\u0171rd le a kilom\u00e9tereket a 100-as vagy 200-as kih\u00edv\u00e1s sor\u00e1n \u00e9s szerezz \u00e9rmet!\" \/>\n<meta name=\"robots\" content=\"index, follow, max-snippet:-1, max-image-preview:large, max-video-preview:-1\" \/>\n<link rel=\"canonical\" href=\"https:\/\/100kom.com\/checkpoints\/\" \/>\n<meta property=\"og:locale\" content=\"hu_HU\" \/>\n<meta property=\"og:type\" content=\"article\" \/>\n<meta property=\"og:title\" content=\"Meg\u00e1ll\u00f3k \u00e1ttekint\u00e9se | Biciklis kih\u00edv\u00e1s 100 km |100KOM.com\" \/>\n<meta property=\"og:description\" content=\"A meg\u00e1ll\u00f3k \u00e1ttekint\u00e9se, hogy a lehet\u0151 leghamarabb megtal\u00e1lja \u0151ket. Gy\u0171rd le a kilom\u00e9tereket a 100-as vagy 200-as kih\u00edv\u00e1s sor\u00e1n \u00e9s szerezz \u00e9rmet!\" \/>\n<meta property=\"og:url\" content=\"https:\/\/100kom.com\/checkpoints\/\" \/>\n<meta property=\"og:site_name\" content=\"100KOM.com\" \/>\n<meta property=\"article:publisher\" content=\"https:\/\/www.facebook.com\/100KOMcom\" \/>\n<meta property=\"article:modified_time\" content=\"2022-02-22T08:36:27+00:00\" \/>\n<meta property=\"og:image\" content=\"https:\/\/100kom.com\/wp-content\/uploads\/2020\/07\/4.jpg\" \/>\n<meta name=\"twitter:card\" content=\"summary_large_image\" \/>\n<script type=\"application\/ld+json\" class=\"yoast-schema-graph\">{\"@context\":\"https:\\\/\\\/schema.org\",\"@graph\":[{\"@type\":\"WebPage\",\"@id\":\"https:\\\/\\\/100kom.com\\\/checkpoints\\\/\",\"url\":\"https:\\\/\\\/100kom.com\\\/checkpoints\\\/\",\"name\":\"Meg\u00e1ll\u00f3k \u00e1ttekint\u00e9se | Biciklis kih\u00edv\u00e1s 100 km |100KOM.com\",\"isPartOf\":{\"@id\":\"https:\\\/\\\/100kom.com\\\/#website\"},\"primaryImageOfPage\":{\"@id\":\"https:\\\/\\\/100kom.com\\\/checkpoints\\\/#primaryimage\"},\"image\":{\"@id\":\"https:\\\/\\\/100kom.com\\\/checkpoints\\\/#primaryimage\"},\"thumbnailUrl\":\"https:\\\/\\\/100kom.com\\\/wp-content\\\/uploads\\\/2020\\\/07\\\/4.jpg\",\"datePublished\":\"2020-06-30T11:11:20+00:00\",\"dateModified\":\"2022-02-22T08:36:27+00:00\",\"description\":\"A meg\u00e1ll\u00f3k \u00e1ttekint\u00e9se, hogy a lehet\u0151 leghamarabb megtal\u00e1lja \u0151ket. Gy\u0171rd le a kilom\u00e9tereket a 100-as vagy 200-as kih\u00edv\u00e1s sor\u00e1n \u00e9s szerezz \u00e9rmet!\",\"breadcrumb\":{\"@id\":\"https:\\\/\\\/100kom.com\\\/checkpoints\\\/#breadcrumb\"},\"inLanguage\":\"hu\",\"potentialAction\":[{\"@type\":\"ReadAction\",\"target\":[\"https:\\\/\\\/100kom.com\\\/checkpoints\\\/\"]}]},{\"@type\":\"ImageObject\",\"inLanguage\":\"hu\",\"@id\":\"https:\\\/\\\/100kom.com\\\/checkpoints\\\/#primaryimage\",\"url\":\"https:\\\/\\\/100kom.com\\\/wp-content\\\/uploads\\\/2020\\\/07\\\/4.jpg\",\"contentUrl\":\"https:\\\/\\\/100kom.com\\\/wp-content\\\/uploads\\\/2020\\\/07\\\/4.jpg\"},{\"@type\":\"BreadcrumbList\",\"@id\":\"https:\\\/\\\/100kom.com\\\/checkpoints\\\/#breadcrumb\",\"itemListElement\":[{\"@type\":\"ListItem\",\"position\":1,\"name\":\"Home\",\"item\":\"https:\\\/\\\/100kom.com\\\/hu\\\/home-hu\\\/\"},{\"@type\":\"ListItem\",\"position\":2,\"name\":\"Checkpoints\"}]},{\"@type\":\"WebSite\",\"@id\":\"https:\\\/\\\/100kom.com\\\/#website\",\"url\":\"https:\\\/\\\/100kom.com\\\/\",\"name\":\"100KOM.com\",\"description\":\"Instant cycling challenges\",\"publisher\":{\"@id\":\"https:\\\/\\\/100kom.com\\\/#organization\"},\"potentialAction\":[{\"@type\":\"SearchAction\",\"target\":{\"@type\":\"EntryPoint\",\"urlTemplate\":\"https:\\\/\\\/100kom.com\\\/?s={search_term_string}\"},\"query-input\":{\"@type\":\"PropertyValueSpecification\",\"valueRequired\":true,\"valueName\":\"search_term_string\"}}],\"inLanguage\":\"hu\"},{\"@type\":\"Organization\",\"@id\":\"https:\\\/\\\/100kom.com\\\/#organization\",\"name\":\"100KOM.com\",\"url\":\"https:\\\/\\\/100kom.com\\\/\",\"logo\":{\"@type\":\"ImageObject\",\"inLanguage\":\"hu\",\"@id\":\"https:\\\/\\\/100kom.com\\\/#\\\/schema\\\/logo\\\/image\\\/\",\"url\":\"https:\\\/\\\/100kom.com\\\/wp-content\\\/uploads\\\/2020\\\/04\\\/logo.png\",\"contentUrl\":\"https:\\\/\\\/100kom.com\\\/wp-content\\\/uploads\\\/2020\\\/04\\\/logo.png\",\"width\":147,\"height\":16,\"caption\":\"100KOM.com\"},\"image\":{\"@id\":\"https:\\\/\\\/100kom.com\\\/#\\\/schema\\\/logo\\\/image\\\/\"},\"sameAs\":[\"https:\\\/\\\/www.facebook.com\\\/100KOMcom\"]}]}<\/script>\n<!-- \/ Yoast SEO plugin. -->","yoast_head_json":{"title":"Meg\u00e1ll\u00f3k \u00e1ttekint\u00e9se | Biciklis kih\u00edv\u00e1s 100 km |100KOM.com","description":"A meg\u00e1ll\u00f3k \u00e1ttekint\u00e9se, hogy a lehet\u0151 leghamarabb megtal\u00e1lja \u0151ket. Gy\u0171rd le a kilom\u00e9tereket a 100-as vagy 200-as kih\u00edv\u00e1s sor\u00e1n \u00e9s szerezz \u00e9rmet!","robots":{"index":"index","follow":"follow","max-snippet":"max-snippet:-1","max-image-preview":"max-image-preview:large","max-video-preview":"max-video-preview:-1"},"canonical":"https:\/\/100kom.com\/checkpoints\/","og_locale":"hu_HU","og_type":"article","og_title":"Meg\u00e1ll\u00f3k \u00e1ttekint\u00e9se | Biciklis kih\u00edv\u00e1s 100 km |100KOM.com","og_description":"A meg\u00e1ll\u00f3k \u00e1ttekint\u00e9se, hogy a lehet\u0151 leghamarabb megtal\u00e1lja \u0151ket. Gy\u0171rd le a kilom\u00e9tereket a 100-as vagy 200-as kih\u00edv\u00e1s sor\u00e1n \u00e9s szerezz \u00e9rmet!","og_url":"https:\/\/100kom.com\/checkpoints\/","og_site_name":"100KOM.com","article_publisher":"https:\/\/www.facebook.com\/100KOMcom","article_modified_time":"2022-02-22T08:36:27+00:00","og_image":[{"url":"https:\/\/100kom.com\/wp-content\/uploads\/2020\/07\/4.jpg","type":"","width":"","height":""}],"twitter_card":"summary_large_image","schema":{"@context":"https:\/\/schema.org","@graph":[{"@type":"WebPage","@id":"https:\/\/100kom.com\/checkpoints\/","url":"https:\/\/100kom.com\/checkpoints\/","name":"Meg\u00e1ll\u00f3k \u00e1ttekint\u00e9se | Biciklis kih\u00edv\u00e1s 100 km |100KOM.com","isPartOf":{"@id":"https:\/\/100kom.com\/#website"},"primaryImageOfPage":{"@id":"https:\/\/100kom.com\/checkpoints\/#primaryimage"},"image":{"@id":"https:\/\/100kom.com\/checkpoints\/#primaryimage"},"thumbnailUrl":"https:\/\/100kom.com\/wp-content\/uploads\/2020\/07\/4.jpg","datePublished":"2020-06-30T11:11:20+00:00","dateModified":"2022-02-22T08:36:27+00:00","description":"A meg\u00e1ll\u00f3k \u00e1ttekint\u00e9se, hogy a lehet\u0151 leghamarabb megtal\u00e1lja \u0151ket. Gy\u0171rd le a kilom\u00e9tereket a 100-as vagy 200-as kih\u00edv\u00e1s sor\u00e1n \u00e9s szerezz \u00e9rmet!","breadcrumb":{"@id":"https:\/\/100kom.com\/checkpoints\/#breadcrumb"},"inLanguage":"hu","potentialAction":[{"@type":"ReadAction","target":["https:\/\/100kom.com\/checkpoints\/"]}]},{"@type":"ImageObject","inLanguage":"hu","@id":"https:\/\/100kom.com\/checkpoints\/#primaryimage","url":"https:\/\/100kom.com\/wp-content\/uploads\/2020\/07\/4.jpg","contentUrl":"https:\/\/100kom.com\/wp-content\/uploads\/2020\/07\/4.jpg"},{"@type":"BreadcrumbList","@id":"https:\/\/100kom.com\/checkpoints\/#breadcrumb","itemListElement":[{"@type":"ListItem","position":1,"name":"Home","item":"https:\/\/100kom.com\/hu\/home-hu\/"},{"@type":"ListItem","position":2,"name":"Checkpoints"}]},{"@type":"WebSite","@id":"https:\/\/100kom.com\/#website","url":"https:\/\/100kom.com\/","name":"100KOM.com","description":"Instant cycling challenges","publisher":{"@id":"https:\/\/100kom.com\/#organization"},"potentialAction":[{"@type":"SearchAction","target":{"@type":"EntryPoint","urlTemplate":"https:\/\/100kom.com\/?s={search_term_string}"},"query-input":{"@type":"PropertyValueSpecification","valueRequired":true,"valueName":"search_term_string"}}],"inLanguage":"hu"},{"@type":"Organization","@id":"https:\/\/100kom.com\/#organization","name":"100KOM.com","url":"https:\/\/100kom.com\/","logo":{"@type":"ImageObject","inLanguage":"hu","@id":"https:\/\/100kom.com\/#\/schema\/logo\/image\/","url":"https:\/\/100kom.com\/wp-content\/uploads\/2020\/04\/logo.png","contentUrl":"https:\/\/100kom.com\/wp-content\/uploads\/2020\/04\/logo.png","width":147,"height":16,"caption":"100KOM.com"},"image":{"@id":"https:\/\/100kom.com\/#\/schema\/logo\/image\/"},"sameAs":["https:\/\/www.facebook.com\/100KOMcom"]}]}},"_links":{"self":[{"href":"https:\/\/100kom.com\/hu\/wp-json\/wp\/v2\/pages\/1262","targetHints":{"allow":["GET"]}}],"collection":[{"href":"https:\/\/100kom.com\/hu\/wp-json\/wp\/v2\/pages"}],"about":[{"href":"https:\/\/100kom.com\/hu\/wp-json\/wp\/v2\/types\/page"}],"author":[{"embeddable":true,"href":"https:\/\/100kom.com\/hu\/wp-json\/wp\/v2\/users\/27"}],"replies":[{"embeddable":true,"href":"https:\/\/100kom.com\/hu\/wp-json\/wp\/v2\/comments?post=1262"}],"version-history":[{"count":0,"href":"https:\/\/100kom.com\/hu\/wp-json\/wp\/v2\/pages\/1262\/revisions"}],"wp:attachment":[{"href":"https:\/\/100kom.com\/hu\/wp-json\/wp\/v2\/media?parent=1262"}],"curies":[{"name":"wp","href":"https:\/\/api.w.org\/{rel}","templated":true}]}}